{"id":41,"date":"2016-12-28T08:44:21","date_gmt":"2016-12-28T07:44:21","guid":{"rendered":"http:\/\/www.netkomp.net.pl\/?page_id=41"},"modified":"2016-12-28T11:57:08","modified_gmt":"2016-12-28T10:57:08","slug":"41-2","status":"publish","type":"page","link":"http:\/\/www.netkomp.net.pl\/index.php\/41-2\/","title":{"rendered":"Comarch"},"content":{"rendered":"<p><img loading=\"lazy\" decoding=\"async\" class=\"aligncenter wp-image-42 size-full\" src=\"http:\/\/www.netkomp.net.pl\/wp-content\/uploads\/2016\/12\/wdra-am_optima.png\" width=\"275\" height=\"110\" \/><\/p>\n<p>&nbsp;<\/p>\n<p><span class=\"ff1 fs20\">Nowoczesne i niezawodne oprogramowanie wspieraj\u0105ce zarz\u0105dzanie firm\u0105 jest jednym z kluczowych warunk\u00f3w jej rozwoju. Dokonuj\u0105c tak wa\u017cnego wyboru, decyduj \u015bwiadomie! Wybieraj\u0105c oprogramowanie dla firmy w Comarch, jeszcze przed podj\u0119ciem decyzji otrzymasz profesjonaln\u0105 analiz\u0119, kt\u00f3ra jasno wska\u017ce wysoko\u015b\u0107 inwestycji i przewidywane zyski, wynikaj\u0105ce z wdro\u017cenia. Dzi\u0119ki takiemu rozwi\u0105zaniu podejmiesz wa\u017cn\u0105 dla firmy decyzj\u0119 w oparciu o fakty, a nie obietnice.<\/span><\/p>\n<p>&nbsp;<\/p>\n<p><center><a title=\"Pobierz demo Comarch OPT!MA, najlepszy program dla firm, \u0142atwy w obs\u0142udze i zgodny z przepisami\" href=\"http:\/\/optima.comarch.pl\/demo?utm_source=NETKOMP_B\" target=\"_blank\"><img loading=\"lazy\" decoding=\"async\" src=\"http:\/\/www.comarch.pl\/files_pl\/file_7831\/pobierzOptimaDemo.png\" alt=\"Pobierz demo Comarch OPT!MA, najlepszy program dla firm, \u0142atwy w obs\u0142udze i zgodny z przepisami\" width=\"170\" height=\"42\" \/><\/a> <a title=\"Zam\u00f3w iSklep24\" href=\"https:\/\/zamow.comarchesklep.pl\/?akronim=NETKOMP_B\" target=\"_blank\"><img loading=\"lazy\" decoding=\"async\" src=\"http:\/\/www.comarch.pl\/files_pl\/file_7831\/zamowISklep24.png\" alt=\"Zam\u00f3w iSklep24\" width=\"170\" height=\"44\" \/><\/a><\/center><center><\/center><span class=\"ff1 fs20\">Comarch OPT!MA to program stworzony dla ma\u0142ych i \u015brednich firm z ka\u017cdej bran\u017cy. Sk\u0142ada si\u0119 ze \u00a0zintegrowanych (pracuj\u0105cych na jednej bazie danych) aplikacji-<wbr \/>modu\u0142\u00f3w obs\u0142uguj\u0105cych r\u00f3\u017cne obszary dzia\u0142alno\u015bci przedsi\u0119biorstwa. Zaufa\u0142o nam ju\u017c ponad 60 000 Klient\u00f3w, co klasyfikuje Comarch OPT!MA jako jeden z najch\u0119tniej wybieranych program\u00f3w do obs\u0142ugi ma\u0142ych i \u015brednich firm. <\/span><\/p>\n<p>&nbsp;<\/p>\n<p><img loading=\"lazy\" decoding=\"async\" class=\"aligncenter size-full wp-image-66\" src=\"http:\/\/www.netkomp.net.pl\/wp-content\/uploads\/2016\/12\/Comarch-ERP.png\" alt=\"\" width=\"199\" height=\"34\" \/><\/p>\n<p>&nbsp;<\/p>\n<h2><img loading=\"lazy\" decoding=\"async\" class=\"size-full wp-image-63 alignleft\" src=\"http:\/\/www.netkomp.net.pl\/wp-content\/uploads\/2016\/12\/fa.67x66.b1dd263f.png\" alt=\"\" width=\"67\" height=\"66\" \/>Comarch ERP Optima<\/h2>\n<h2>Faktury<\/h2>\n<p>Comarch ERP Optima Faktury to modu\u0142 przeznaczony dla firm us\u0142ugowych, kt\u00f3ry w prosty spos\u00f3b umo\u017cliwia obs\u0142ug\u0119 transakcji handlowych. Dzi\u0119ki pe\u0142nej integracji z pozosta\u0142ymi modu\u0142ami przep\u0142yw danych w programie jest niczym nie ograniczony, co usprawnia obs\u0142ug\u0119 rozlicze\u0144 handlowych oraz procesy ksi\u0119gowe.<\/p>\n<p>Modu\u0142 <strong>Comarch<\/strong> <strong>ERP Optima Faktury <\/strong>umo\u017cliwia<strong>:<\/strong><\/p>\n<ul>\n<li>wystawienie faktur sprzeda\u017cowych (<a href=\"https:\/\/www.youtube.com\/watch?v=HT4gS52Z_Tg&amp;list=PL42B7FED563A2FDC7&amp;index=41\" target=\"_blank\">zobacz film<\/a>) i zakupowych,<\/li>\n<li>fiskalizacj\u0119 sprzeda\u017cy dla os\u00f3b fizycznych,<\/li>\n<li>obs\u0142ug\u0119 transakcji w z\u0142ot\u00f3wkach i w walutach obcych,<\/li>\n<li>wystawianie dokument\u00f3w koryguj\u0105cych (korekty: danych, ilo\u015bci, warto\u015bci (ceny), stawki VAT, zbiorcza\/rabat),<\/li>\n<li>sprzeda\u017c\/zakup ze standardowymi formami p\u0142atno\u015bci (got\u00f3wka, przelew, kompensata), jak r\u00f3wnie\u017c zdefiniowanymi przez U\u017cytkownika programu,<\/li>\n<li>prowadzenie rejestru us\u0142ug i kontrahent\u00f3w.<br \/>\n<h2><img loading=\"lazy\" decoding=\"async\" class=\"size-full wp-image-61 alignleft\" src=\"http:\/\/www.netkomp.net.pl\/wp-content\/uploads\/2016\/12\/handel.124x106.25f35616.png\" alt=\"\" width=\"124\" height=\"106\" \/>Comarch ERP Optima Handel<\/h2>\n<p>Comarch ERP Optima Handel to modu\u0142 wspomagaj\u0105cy sprzeda\u017c i prowadzenie gospodarki magazynowej. Modu\u0142 ten zawiera wszystkie funkcjonalno\u015bci modu\u0142u Faktury, a tak\u017ce gwarantuje pe\u0142n\u0105 kontrol\u0119 proces\u00f3w logistycznych prowadzonych w przedsi\u0119biorstwie, przez co umo\u017cliwia efektywne zarz\u0105dzanie towarami w magazynie.<\/p>\n<p>&nbsp;<\/p>\n<p>Modu\u0142 <strong>Comarch<\/strong> <strong>ERP Optima Handel <\/strong>umo\u017cliwia dodatkowo<strong>:<\/strong><\/p>\n<ul>\n<li>wystawianie r\u00f3\u017cnorodnych dokument\u00f3w magazynowych,<\/li>\n<li>prowadzenie wielu magazyn\u00f3w jednocze\u015bnie,<\/li>\n<li>okre\u015blenie metody rozliczania magazynu (FIFO, LIFO, AVCO),<\/li>\n<li>przeprowadzenie inwentaryzacji (<a href=\"https:\/\/www.youtube.com\/watch?v=Ru1n3pbT_pE&amp;index=30&amp;list=PL42B7FED563A2FDC7\" target=\"_blank\">zobacz film<\/a>),<\/li>\n<li>prost\u0105 produkcj\u0119,<\/li>\n<li>obr\u00f3t opakowaniami kaucjonowanymi,<\/li>\n<li>tworzenie deklaracji Intrastat,<\/li>\n<li>wsp\u00f3\u0142prac\u0119 z Krajowym Rejestrem D\u0142ug\u00f3w w celu weryfikacji wiarygodno\u015bci kontrahent\u00f3w,<\/li>\n<li>prowadzenie sprzeda\u017cy internetowej (wsp\u00f3\u0142praca z Comarch ERP e-Sklep, wszystko.pl),<\/li>\n<li>wsp\u00f3\u0142prac\u0119 z aplikacj\u0105 dla przedstawicieli handlowych Comarch ERP Mobile Sprzeda\u017c,<\/li>\n<li>wsp\u00f3\u0142prac\u0119 z czytnikami kod\u00f3w kreskowych, kolektorami danych, drukarkami etykiet.<\/li>\n<\/ul>\n<p>Modu\u0142<strong> Comarch ERP Optima Handel Plus<\/strong> zawiera funkcjonalno\u015bci niezb\u0119dne w przypadku przedsi\u0119biorstw prowadz\u0105cych rozbudowan\u0105 gospodark\u0119 magazynow\u0105.<\/p>\n<p>Modu\u0142 Comarch <strong>ERP Optima Handel Plus <\/strong>pozwala dodatkowo na<strong>:<\/strong><\/p>\n<ul>\n<li>oznaczanie przyj\u0119\u0107 towar\u00f3w konkretnymi partiami, dzi\u0119ki czemu U\u017cytkownik mo\u017ce zdecydowa\u0107, z kt\u00f3rej dostawy lub kt\u00f3r\u0105 sztuk\u0119 o okre\u015blonych cechach chce wyda\u0107 z magazynu,<\/li>\n<li>wystawienie Faktur Zakupu\/Sprzeda\u017cy oraz Paragon\u00f3w na towary pochodz\u0105ce z r\u00f3\u017cnych magazyn\u00f3w(<a href=\"https:\/\/www.youtube.com\/watch?v=k3o1ek0XPUQ\">zobacz film<\/a>)<\/li>\n<\/ul>\n<\/li>\n<\/ul>\n<p>&nbsp;<\/p>\n<h2><strong>Comarch ERP Optima P\u0142ace i Kadry<\/strong><\/h2>\n<p>&nbsp;<\/p>\n<p>Obs\u0142uga dzia\u0142u kadrowo &#8211; p\u0142acowego wymaga ci\u0105g\u0142ego \u015bledzenia zmieniaj\u0105cych si\u0119 przepis\u00f3w prawa pracy i\u00a0ubezpiecze\u0144 spo\u0142ecznych.<\/p>\n<p>Dzi\u0119ki regularnym aktualizacjom, przygotowywanym przez ekspert\u00f3w Comarch, uwzgl\u0119dniaj\u0105cym wszelkie te zmiany, modu\u0142 P\u0142ace i Kadry zapewnia b\u0142yskawiczn\u0105 reakcj\u0119 na zmieniaj\u0105ce si\u0119 wymogi.<br \/>\nAplikacja wydatnie wspomaga obs\u0142ug\u0119 kadrowo-p\u0142acow\u0105 ka\u017cdej firmy. Dzi\u0119ki starannie zaprojektowanym funkcjonalno\u015bciom, praca jest zautomatyzowana, przez co minimalizowane jest niebezpiecze\u0144stwo pojawienia si\u0119 b\u0142\u0119du podczas wykonywania operacji. Modu\u0142 jest w pe\u0142ni zintegrowany z programem P\u0142atnik,\u00a0 co zapewnia wszystkie rozliczenia z\u00a0ZUS.<\/p>\n<h3>Modu\u0142 <strong>Comarch ERP Optima P\u0142ace i Kadry<\/strong> umo\u017cliwia:<\/h3>\n<ul>\n<li>zaewidencjonowanie pracownik\u00f3w z mo\u017cliwo\u015bci\u0105 odnotowania przebiegu zatrudnienia, w firmie i poza ni\u0105 (<a href=\"https:\/\/www.youtube.com\/watch?v=vvNM2lwbv5w&amp;index=16&amp;list=PL44EF0706A3AE6BE4\">zobacz film<\/a>),<\/li>\n<li>tworzenie struktury podleg\u0142o\u015bciowej, kt\u00f3ra u\u0142atwia zarz\u0105dzanie kadrami w Comarch ERP Optima oraz poprzez aplikacj\u0119 Comarch ERP e-Pracownik,<\/li>\n<li>rozliczanie wyp\u0142at z uwzgl\u0119dnieniem nieobecno\u015bci, czasu pracy\u00a0(<a href=\"https:\/\/www.youtube.com\/watch?v=dgpVzmSYmwE\">zobacz film<\/a>), dodatk\u00f3w\u00a0(<a href=\"https:\/\/www.youtube.com\/watch?v=Zw5gZI4fokg&amp;index=22&amp;list=PL44EF0706A3AE6BE4\">zobacz film<\/a>)\u00a0i\u00a0akord\u00f3w,<\/li>\n<li>import i eksport poprzez arkusz kalkulacyjny, m.in.: aktualnych danych kadrowych, informacji o zawartych umowach cywilnoprawnych, danych dotycz\u0105cych planu pracy, czasu przepracowanego oraz nieobecno\u015bci (<a href=\"https:\/\/www.youtube.com\/watch?v=GasiWugpQ-Y&amp;list=PL44EF0706A3AE6BE4&amp;index=13\">zobacz film<\/a>),<\/li>\n<li>import danych kadrowych pracownik\u00f3w z Programu P\u0142atnik (na podstawie ZUS ZUA),<\/li>\n<li>kontrol\u0119 unikalno\u015bci numeru PESEL pracownik\u00f3w,<\/li>\n<li>import elektronicznych zwolnie\u0144 lekarskich,<\/li>\n<li>rozliczanie nieobecno\u015bci z mo\u017cliwo\u015bci\u0105 wydrukowania podstaw obliczeniowych dla: urlopu, choroby, ekwiwalentu za urlop,<\/li>\n<li>kontrol\u0119 wykorzystania limit\u00f3w nieobecno\u015bci przez pracownika, np. urlopu wypoczynkowego (w tym limitu dla pracownika podejmuj\u0105cego prac\u0119 po raz pierwszy oraz pracownika uprawnionego do obni\u017conej normy dobowej),<\/li>\n<li>wyb\u00f3r metody odnotowywania czasu pracy pracownik\u00f3w (w tym metoda uproszczona \u2013 wpisywanie sumarycznie czasu pracy za ca\u0142y miesi\u0105c),<\/li>\n<li>rozliczanie nieobecno\u015bci zwi\u0105zanych z rodzicielstwem w po\u0142\u0105czeniu z prac\u0105 na cz\u0119\u015b\u0107 etatu,<\/li>\n<li>ewidencjonowanie i rozliczanie czasu pracy w godzinach nocnych oraz nadliczbowych,<\/li>\n<li>definiowanie niestandardowych sk\u0142adnik\u00f3w wyp\u0142at, nieobecno\u015bci oraz limit\u00f3w nieobecno\u015bci,<\/li>\n<li>tworzenie korekt do zaksi\u0119gowanych list p\u0142ac, z mo\u017cliwo\u015bci\u0105 zachowania w programie wyp\u0142at naliczonych w pierwotnej postaci\u00a0(<a href=\"https:\/\/www.youtube.com\/watch?v=cRO4Ovih3h8\">zobacz film<\/a>),<\/li>\n<li>podzia\u0142 wynagrodzenia pracownika na wyp\u0142at\u0119 got\u00f3wkow\u0105 i\/lub przelew na konto bankowe,<\/li>\n<li>rozliczanie um\u00f3w cywilno-prawnych, w tym zawieranych z cudzoziemcami,<\/li>\n<li>powi\u0105zanie dodatk\u00f3w i um\u00f3w cywilnoprawnych z listami p\u0142ac, co umo\u017cliwia ich automatyczne naliczanie na wybranych listach p\u0142ac\u00a0(<a href=\"https:\/\/www.youtube.com\/watch?v=FckwSDMtZpY\">zobacz film<\/a>),<\/li>\n<li>naliczanie i wydruk deklaracji podatkowych zgodnych z obowi\u0105zuj\u0105cymi wzorami formularzy,<\/li>\n<li>wysy\u0142anie deklaracji podatkowych do systemu e-Deklaracje\u00a0(<a href=\"https:\/\/www.youtube.com\/watch?v=j0-2BhHw15c\">zobacz film<\/a>),<\/li>\n<li>sporz\u0105dzanie deklaracji dla PFRON (Wn-D wraz z za\u0142\u0105cznikami) oraz wydruk\u00f3w pomocniczych do DEK-II i DEK-I-0,<\/li>\n<li>sporz\u0105dzanie wydruk\u00f3w pomocniczych do raport\u00f3w GUS,<\/li>\n<li>tworzenie i przesy\u0142anie do P\u0142atnika formularzy zg\u0142oszeniowych oraz deklaracji rozliczeniowych ZUS dla pracownik\u00f3w i w\u0142a\u015bcicieli wraz z wymaganymi za\u0142\u0105cznikami,<\/li>\n<li>archiwizacj\u0119 wybranych formularzy kadrowych oraz archiwizacj\u0119 wyp\u0142at za wskazany okres\u00a0(<a href=\"https:\/\/www.youtube.com\/watch?v=Q7N8FclAUos&amp;index=9&amp;list=PL44EF0706A3AE6BE4\">zobacz film<\/a>),<\/li>\n<li>przesy\u0142anie list p\u0142ac z bazy kadrowo-p\u0142acowej do innej bazy, w celu ich zaksi\u0119gowania.<\/li>\n<\/ul>\n<h3>Modu\u0142 <strong>Comarch ERP Optima P\u0142ace i Kadry Plus<\/strong> posiada dodatkowe funkcje takie, jak:<\/h3>\n<ul>\n<li>struktura organizacyjna, kt\u00f3ra pozwala przypisa\u0107 pracownik\u00f3w do poszczeg\u00f3lnych wydzia\u0142\u00f3w,<\/li>\n<li>opcja powi\u0105zania listy p\u0142ac z wybranym wydzia\u0142em,<\/li>\n<li>obs\u0142uga kas zapomogowo-po\u017cyczkowych: przynale\u017cno\u015b\u0107 do PKZP, rejestracja sk\u0142adek (wk\u0142ad\u00f3w), przydzielanie zapom\u00f3g, udzielanie po\u017cyczek z\u00a0tworzeniem harmonogram\u00f3w sp\u0142at, raportowanie,<\/li>\n<li>ewidencja i kontrola wysoko\u015bci potr\u0105ce\u0144 (w tym komorniczych i alimentacyjnych) (<a href=\"https:\/\/www.youtube.com\/watch?v=zIA_irKYgX0&amp;list=PL44EF0706A3AE6BE4&amp;index=24\">zobacz film<\/a>),<\/li>\n<li>wykonywanie operacji dla wielu pracownik\u00f3w jednocze\u015bnie, m.in.: naliczanie limit\u00f3w nieobecno\u015bci, zmiana warto\u015bci wybranych p\u00f3l w formularzu kadrowym, dodawanie nieobecno\u015bci,<\/li>\n<li>mo\u017cliwo\u015b\u0107 obs\u0142ugi kadrowo-p\u0142acowej dla pracownik\u00f3w wieloetatowych\u00a0(<a href=\"https:\/\/www.youtube.com\/watch?v=jLRVRFmPUTQ\">zobacz film<\/a>),<\/li>\n<li>rozliczanie wynagrodze\u0144 dla pracownik\u00f3w oddelegowanych do pracy za granic\u0105,<\/li>\n<li>rozliczanie wynagrodze\u0144 dla pracownik\u00f3w tymczasowych\u00a0(<a href=\"https:\/\/www.youtube.com\/watch?v=oq_Pom_I5FE\">zobacz film<\/a>),<\/li>\n<li>automatyczne, okresowe naliczanie sk\u0142adnik\u00f3w wynagrodzenia,<\/li>\n<li>mo\u017cliwo\u015b\u0107 odnotowania w kalendarzu obecno\u015bci pracownika dowolnej liczby wej\u015b\u0107\/wyj\u015b\u0107 w r\u00f3\u017cnych strefach czasu pracy w ci\u0105gu dnia,<\/li>\n<li>rozliczanie nadgodzin w okresie rozliczeniowym d\u0142u\u017cszym ni\u017c 1 miesi\u0105c, w tym rozdzielenie nadgodzin dobowych i \u015bredniotygodniowych oraz ewidencjonowanie odbioru czasu wolnego za nadgodziny,<\/li>\n<li>mo\u017cliwo\u015b\u0107 importu informacji o czasie przepracowanym rejestrowanych za pomoc\u0105 czytnik\u00f3w RCP,<\/li>\n<li>mo\u017cliwo\u015b\u0107 definiowania dodatk\u00f3w wed\u0142ug indywidualnych wzor\u00f3w klient\u00f3w i \u0142\u0105czenia ich w grupy,<\/li>\n<li>atrybuty &#8211; czyli cechy, za pomoc\u0105 kt\u00f3rych mo\u017cna opisywa\u0107 pracownik\u00f3w, wprowadzaj\u0105c dowoln\u0105 liczb\u0119 dodatkowych informacji,<\/li>\n<li>funkcjonalno\u015b\u0107 generowania opisu analitycznego dla poszczeg\u00f3lnych sk\u0142adnik\u00f3w wyp\u0142aty.<\/li>\n<\/ul>\n<p>&nbsp;<\/p>\n<h1 class=\"expose\" style=\"text-align: center;\"><span style=\"color: #000080;\">Rozwi\u0105zania dla biur rachunkowych<\/span><\/h1>\n<p>&nbsp;<\/p>\n<div class=\"column-md-6 column-md-push-6\">\n<div>\n<h2>Comarch ERP Optima dla biur rachunkowych<\/h2>\n<p>Comarch ERP Optima Biuro Rachunkowe zosta\u0142 stworzony z my\u015bl\u0105 o zdecydowanym uproszczeniu pracy biur rachunkowych i doradc\u00f3w podatkowych, kt\u00f3rzy potrzebuj\u0105 wykona\u0107 pewne operacje w spos\u00f3b seryjny.<\/p>\n<p>Modu\u0142 ten stanowi panel wspieraj\u0105cy codzienn\u0105 prac\u0119 ksi\u0119gowego w odniesieniu do wielu lub wszystkich obs\u0142ugiwanych klient\u00f3w. Biuro rachunkowe jest modu\u0142em w pe\u0142ni zintegrowanym z programem Comarch ERP Optima, dzi\u0119ki czemu dane wprowadzane do programu s\u0105 na bie\u017c\u0105co synchronizowane, a ksi\u0119gowy mo\u017ce rozpocz\u0105\u0107 prac\u0119 dla r\u00f3\u017cnych klient\u00f3w bez konieczno\u015bci dodatkowego logowania.<\/p>\n<\/div>\n<\/div>\n","protected":false},"excerpt":{"rendered":"<p>&nbsp; Nowoczesne i niezawodne oprogramowanie wspieraj\u0105ce zarz\u0105dzanie firm\u0105 jest jednym z kluczowych warunk\u00f3w jej rozwoju. Dokonuj\u0105c tak wa\u017cnego wyboru, decyduj \u015bwiadomie! Wybieraj\u0105c oprogramowanie dla firmy w Comarch, jeszcze przed podj\u0119ciem decyzji otrzymasz profesjonaln\u0105 analiz\u0119, kt\u00f3ra jasno wska\u017ce wysoko\u015b\u0107 inwestycji i przewidywane zyski, wynikaj\u0105ce z wdro\u017cenia. Dzi\u0119ki takiemu rozwi\u0105zaniu podejmiesz wa\u017cn\u0105 dla firmy decyzj\u0119 w oparciu [&hellip;]<\/p>\n","protected":false},"author":1,"featured_media":0,"parent":0,"menu_order":4,"comment_status":"closed","ping_status":"closed","template":"","meta":{"footnotes":""},"_links":{"self":[{"href":"http:\/\/www.netkomp.net.pl\/index.php\/wp-json\/wp\/v2\/pages\/41"}],"collection":[{"href":"http:\/\/www.netkomp.net.pl\/index.php\/wp-json\/wp\/v2\/pages"}],"about":[{"href":"http:\/\/www.netkomp.net.pl\/index.php\/wp-json\/wp\/v2\/types\/page"}],"author":[{"embeddable":true,"href":"http:\/\/www.netkomp.net.pl\/index.php\/wp-json\/wp\/v2\/users\/1"}],"replies":[{"embeddable":true,"href":"http:\/\/www.netkomp.net.pl\/index.php\/wp-json\/wp\/v2\/comments?post=41"}],"version-history":[{"count":10,"href":"http:\/\/www.netkomp.net.pl\/index.php\/wp-json\/wp\/v2\/pages\/41\/revisions"}],"predecessor-version":[{"id":60,"href":"http:\/\/www.netkomp.net.pl\/index.php\/wp-json\/wp\/v2\/pages\/41\/revisions\/60"}],"wp:attachment":[{"href":"http:\/\/www.netkomp.net.pl\/index.php\/wp-json\/wp\/v2\/media?parent=41"}],"curies":[{"name":"wp","href":"https:\/\/api.w.org\/{rel}","templated":true}]}}