{"id":2,"date":"2016-12-28T07:54:27","date_gmt":"2016-12-28T06:54:27","guid":{"rendered":"http:\/\/www.netkomp.net.pl\/?page_id=2"},"modified":"2024-03-06T15:18:24","modified_gmt":"2024-03-06T14:18:24","slug":"przykladowa-strona","status":"publish","type":"page","link":"http:\/\/www.netkomp.net.pl\/","title":{"rendered":"Outsourcing informatyczny"},"content":{"rendered":"\n<p><\/p>\n\n\n<p style=\"text-align: center;\">W obecnych czasach <strong>ka\u017cda firma<\/strong>, aby by\u0107 konkurencyjn\u0105 i istnie\u0107 na rynku, <strong>musi posiada\u0107<\/strong> swoj\u0105 w\u0142asn\u0105<\/p>\n<p style=\"text-align: center;\"><strong>struktur\u0119 informatyczn\u0105<\/strong>.<\/p>\n<p style=\"text-align: center;\">Dzi\u0119ki bogatemu do\u015bwiadczeniu oraz zespo\u0142owi wykwalifikowanych pracownik\u00f3w zapewniamy Pa\u0144stwu<\/p>\n<p style=\"text-align: center;\"><span style=\"color: #ff0000;\"><strong>outsourcing informatyczny na najwy\u017cszym poziomie<\/strong><\/span><\/p>\n<p style=\"text-align: center;\">i po bardzo atrakcyjnych cenach.<\/p>\n<p style=\"text-align: center;\">Najcenniejsz\u0105 zalet\u0105 outsourcing-u informatycznego jest mo\u017cliwo\u015b\u0107 doskona\u0142ego wpasowania zespo\u0142u fachowc\u00f3w w ramy czasowe tak, by najwydajniej uzyska\u0107 zamierzony efekt &#8211; wykona\u0107 zadanie w 100%.<br \/>Jednak, by spe\u0142nione zosta\u0142y wszystkie pok\u0142adane w realizowanym zadaniu oczekiwania, trzeba najpierw zmierzy\u0107 si\u0119 z zasadniczym zadaniem &#8211; prawid\u0142owym dopasowaniem zespo\u0142u fachowc\u00f3w.<\/p>\n<p style=\"text-align: center;\"><span style=\"color: #ff0000;\"><strong>Najlepsi informatycy i <a href=\"http:\/\/www.netkomp.net.pl\">outsourcing informatyczny<\/a> na najwy\u017cszym poziomie <\/strong><\/span><\/p>\n<p style=\"text-align: center;\"><span style=\"color: #ff0000;\"><strong>to gwarancja owocnej i satysfakcjonuj\u0105cej wsp\u00f3\u0142pracy<\/strong>.<\/span><\/p>\n<p>W ramach obs\u0142ugi informatycznej firm realizujemy sta\u0142e wizyty serwisowe w celu rozwi\u0105zywania bie\u017c\u0105cych problem\u00f3w oraz monitoring poprawnego funkcjonowanie infrastruktury teleinformatycznej.<br \/>Serwis komputerowy powierzony naszej firmie informatycznej uchroni Pa\u0144stwa przed niespodziewanymi stratami, jakie mog\u0105 powsta\u0107 podczas przypadkowej awarii sprz\u0119tu komputerowego.<\/p>\n<ul>\n<li>Bie\u017c\u0105ca obs\u0142uga informatyczna<\/li>\n<li>Instalowanie i aktualizowanie oprogramowania<\/li>\n<li>Serwisowanie sprz\u0119tu<\/li>\n<li>Doradztwo w zakresie IT<\/li>\n<li>Obs\u0142uga urz\u0105dze\u0144 sieciowych klasy \u015bredniej jak i wysokiej<\/li>\n<li>Serwery (w tym VDI )<\/li>\n<li>Obs\u0142uga urz\u0105dze\u0144 peryferyjnych: skaner\u00f3w, drukarek itd.<\/li>\n<li>Dba\u0142o\u015b\u0107 o prawid\u0142owe funkcjonowanie sieci<\/li>\n<li>Wykonywanie prac zdalnych &#8211; pomoc techniczna TeamViewer<\/li>\n<li>Obs\u0142uga i hosting ,tunele VPN<\/li>\n<li>Ci\u0105g\u0142y monitoring kluczowych element\u00f3w sieci<\/li>\n<li>Profesjonalny backup<\/li>\n<li>Czas reakcji serwisanta na poziomie do 3 godzin<\/li>\n<li style=\"text-align: left;\">Sprz\u0119t zast\u0119pczy w przypadku powa\u017cnej awarii *<\/li>\n<\/ul>\n<p><strong><span style=\"color: #ff0000;\">Serdecznie zapraszamy!<\/span><\/strong><\/p>\n<p>RODO<\/p>\n<p id=\"block-c4cf0b5f-ca9e-433f-a0f3-5286e15d1afa\"><strong>Inspektor Ochrony Danych<\/strong> (IOD) \u2013 pe\u0142ni kluczow\u0105 rol\u0119 w nowym systemie ochrony stworzonym przez unijne Og\u00f3lne Rozporz\u0105dzenie w sprawie Danych Osobowych.<\/p>\n<p id=\"block-982c264b-53f7-47f5-8de0-340e28bdbc97\">Do\u00a0przej\u0119tych\u00a0przez naszego konsultanta zada\u0144 zalicza\u0107 si\u0119 b\u0119dzie:<\/p>\n<p id=\"block-9ce82b79-0480-4e0a-afc7-50efe147759a\">a) informowanie administratora, podmiotu przetwarzaj\u0105cego oraz pracownik\u00f3w, kt\u00f3rzy przetwarzaj\u0105 dane osobowe, o obowi\u0105zkach spoczywaj\u0105cych na nich na mocy niniejszego rozporz\u0105dzenia oraz innych przepis\u00f3w Unii lub pa\u0144stw cz\u0142onkowskich o ochronie danych i doradzanie im w tej sprawie;<\/p>\n<p id=\"block-262f212b-677d-45eb-8a49-7cfb0632e0d7\">b) monitorowanie przestrzegania niniejszego rozporz\u0105dzenia, innych przepis\u00f3w Unii lub pa\u0144stw cz\u0142onkowskich o ochronie danych oraz polityk administratora lub podmiotu przetwarzaj\u0105cego w dziedzinie ochrony danych osobowych, w tym podzia\u0142 obowi\u0105zk\u00f3w, dzia\u0142ania zwi\u0119kszaj\u0105ce \u015bwiadomo\u015b\u0107, szkolenia personelu uczestnicz\u0105cego w operacjach przetwarzania oraz powi\u0105zane z tym audyty;<\/p>\n<p id=\"block-88a85734-f42d-4894-a2c4-be910fed05ee\">c) udzielanie na \u017c\u0105danie zalece\u0144 co do oceny skutk\u00f3w dla ochrony danych oraz monitorowanie jej wykonania zgodnie z art. 35 RODO;<\/p>\n<p id=\"block-f7664e0e-847e-47cd-a2ce-bfc6c976f376\">d) wsp\u00f3\u0142praca z organem nadzorczym \u2013 pe\u0142nienie funkcji punktu kontaktowego dla PUODO (Prezes Urz\u0119du Ochrony Danych Osobowych)<\/p>\n<p id=\"block-2409e624-3d7e-46f6-8a16-52c5d6ea1b68\">e) pe\u0142nienie funkcji punktu kontaktowego dla organu nadzorczego w kwestiach zwi\u0105zanych z przetwarzaniem, w tym z uprzednimi konsultacjami, o kt\u00f3rych mowa w art. 36, oraz w stosownych przypadkach prowadzenie konsultacji we wszelkich innych sprawach.<\/p>\n<p id=\"block-4dc302b0-6c34-47fd-83f2-7144012806ae\"><strong>Outsourcing funkcji IOD to sprawdzona i akceptowana przez PUODO forma przej\u0119cia obowi\u0105zk\u00f3w zwi\u0105zanych z ochron\u0105 danych osobowych.<\/strong><\/p>\n<p><strong>\u00a0\u00a0\u00a0\u00a0\u00a0\u00a0\u00a0\u00a0\u00a0\u00a0\u00a0\u00a0\u00a0\u00a0\u00a0\u00a0\u00a0\u00a0\u00a0\u00a0\u00a0\u00a0\u00a0\u00a0\u00a0\u00a0\u00a0\u00a0\u00a0\u00a0\u00a0\u00a0\u00a0\u00a0\u00a0\u00a0\u00a0\u00a0\u00a0\u00a0\u00a0\u00a0\u00a0\u00a0\u00a0\u00a0\u00a0\u00a0\u00a0\u00a0\u00a0\u00a0\u00a0\u00a0\u00a0\u00a0\u00a0\u00a0\u00a0\u00a0\u00a0\u00a0 GRUPA FIRM NETKOMP NETKOMPSECURITY<\/strong><\/p>\n\n\n<p><\/p>\n\n\n\n<pre class=\"wp-block-verse\"><\/pre>\n\n\n\n<a href='https:\/\/www.seomastering.com\/' title='Site value checker' target='_blank' rel=\"noopener\"><img src='https:\/\/www.seomastering.com\/btn\/ne\/tk\/omp_net_pl\/site-value-3.png' border='0' width='88' height='31' alt='netkomp.net.pl value' title='netkomp.net.pl worth'\/><\/a>\n\n\n\n<a href='https:\/\/www.seomastering.com\/' title='TrustRank checking' target='_blank' rel=\"noopener\"><img src='https:\/\/www.seomastering.com\/btn\/ne\/tk\/omp_net_pl\/trust-red.png' border='0' width='88' height='31' alt='netkomp.net.pl Trust' title='netkomp.net.pl TrustRank'\/><\/a>\n\n\n\n<a href='https:\/\/www.seomastering.com\/' title='Real PageRank checker' target='_blank' rel=\"noopener\"><img src='https:\/\/www.seomastering.com\/btn\/ne\/tk\/omp_net_pl\/pagerank-violet.png' border='0' width='88' height='31' alt='netkomp.net.pl Real PR' title='netkomp.net.pl Real PageRank'\/><\/a>\n","protected":false},"excerpt":{"rendered":"<p>W obecnych czasach ka\u017cda firma, aby by\u0107 konkurencyjn\u0105 i istnie\u0107 na rynku, musi posiada\u0107 swoj\u0105 w\u0142asn\u0105 struktur\u0119 informatyczn\u0105. Dzi\u0119ki bogatemu do\u015bwiadczeniu oraz zespo\u0142owi wykwalifikowanych pracownik\u00f3w zapewniamy Pa\u0144stwu outsourcing informatyczny na najwy\u017cszym poziomie i po bardzo atrakcyjnych cenach. Najcenniejsz\u0105 zalet\u0105 outsourcing-u informatycznego jest mo\u017cliwo\u015b\u0107 doskona\u0142ego wpasowania zespo\u0142u fachowc\u00f3w w ramy czasowe tak, by najwydajniej uzyska\u0107 zamierzony [&hellip;]<\/p>\n","protected":false},"author":1,"featured_media":0,"parent":0,"menu_order":1,"comment_status":"closed","ping_status":"open","template":"","meta":{"footnotes":""},"_links":{"self":[{"href":"http:\/\/www.netkomp.net.pl\/index.php\/wp-json\/wp\/v2\/pages\/2"}],"collection":[{"href":"http:\/\/www.netkomp.net.pl\/index.php\/wp-json\/wp\/v2\/pages"}],"about":[{"href":"http:\/\/www.netkomp.net.pl\/index.php\/wp-json\/wp\/v2\/types\/page"}],"author":[{"embeddable":true,"href":"http:\/\/www.netkomp.net.pl\/index.php\/wp-json\/wp\/v2\/users\/1"}],"replies":[{"embeddable":true,"href":"http:\/\/www.netkomp.net.pl\/index.php\/wp-json\/wp\/v2\/comments?post=2"}],"version-history":[{"count":23,"href":"http:\/\/www.netkomp.net.pl\/index.php\/wp-json\/wp\/v2\/pages\/2\/revisions"}],"predecessor-version":[{"id":289,"href":"http:\/\/www.netkomp.net.pl\/index.php\/wp-json\/wp\/v2\/pages\/2\/revisions\/289"}],"wp:attachment":[{"href":"http:\/\/www.netkomp.net.pl\/index.php\/wp-json\/wp\/v2\/media?parent=2"}],"curies":[{"name":"wp","href":"https:\/\/api.w.org\/{rel}","templated":true}]}}